{"id":16112,"date":"2024-07-31T20:16:12","date_gmt":"2024-07-31T13:16:12","guid":{"rendered":"http:\/\/xgolf.vn\/-product-\/uncategorized\/kinh-golf-swans-li-sin-0151-mgmr\/"},"modified":"2024-07-31T20:16:14","modified_gmt":"2024-07-31T13:16:14","slug":"kinh-golf-swans-li-sin-0151-mgmr","status":"publish","type":"product","link":"https:\/\/xgolf.vn\/ar\/-product-\/phu-kien\/kinh\/kinh-golf-swans-li-sin-0151-mgmr\/","title":{"rendered":"K\u00ednh golf swans LI SIN -0151 MGMR"},"content":{"rendered":"<div class=\"product attribute description\">\n<div class=\"value\">#html-body [data-pb-style=P04I9UI]{justify-content:flex-start;display:flex;flex-direction:column;background-position:left top;background-size:cover;background-repeat:no-repeat;background-attachment:scroll}<\/p>\n<div data-content-type=\"row\" data-appearance=\"contained\" data-element=\"main\">\n<div data-enable-parallax=\"0\" data-parallax-speed=\"0.5\" data-background-images=\"{}\" data-background-type=\"image\" data-video-loop=\"true\" data-video-play-only-visible=\"true\" data-video-lazy-load=\"true\" data-video-fallback-src=\"\" data-element=\"inner\" data-pb-style=\"P04I9UI\">\n<div data-content-type=\"text\" data-appearance=\"default\" data-element=\"main\">\n<h1><span style=\"font-size: 28px\">K\u00ednh golf swans LI SIN -0151 MGMR<\/span><\/h1>\n<p><span style=\"font-size: 28px\">Th\u00f4ng Tin s\u1ea3n ph\u1ea9m<\/span><\/p>\n<ul>\n<li><span style=\"font-size: 20px\">[M\u00f4 t\u1ea3 s\u1ea3n ph\u1ea9m] D\u00f2ng LION SIN l\u00e0 m\u1ed9t trong nh\u1eefng m\u1eabu h\u00e0ng \u0111\u1ea7u c\u1ee7a SWANS \u0111\u01b0\u1ee3c nhi\u1ec1u v\u1eadn \u0111\u1ed9ng vi\u00ean h\u00e0ng \u0111\u1ea7u \u1ee7ng h\u1ed9. <\/span><\/li>\n<li><span style=\"font-size: 20px\">H\u00ecnh d\u1ea1ng khung ki\u1ec3u n\u1eeda v\u00e0nh gi\u00fap c\u00e2n b\u1eb1ng \u0111\u1ed9 b\u00e1m v\u00e0 t\u1ea7m nh\u00ecn<\/span><\/li>\n<li><span style=\"font-size: 20px\">. C\u00e1c \u1ed1ng k\u00ednh c\u00f3 th\u1ec3 d\u1ec5 d\u00e0ng thay th\u1ebf v\u00e0 b\u1eb1ng c\u00e1ch k\u1ebft h\u1ee3p ch\u00fang v\u1edbi c\u00e1c \u1ed1ng k\u00ednh d\u1ef1 ph\u00f2ng (\u0111\u01b0\u1ee3c b\u00e1n ri\u00eang), b\u1ea1n c\u00f3 th\u1ec3 s\u1eed d\u1ee5ng c\u00e1c \u1ed1ng k\u00ednh ph\u00f9 h\u1ee3p v\u1edbi nhi\u1ec1u c\u1ea3nh kh\u00e1c nhau. <\/span><\/li>\n<li><span style=\"font-size: 20px\">C\u00e1c mi\u1ebfng cao su l\u1edbn \u0111\u01b0\u1ee3c g\u1eafn v\u00e0o th\u00e1i d\u01b0\u01a1ng v\u00e0 c\u00f3 th\u1ec3 \u0111i\u1ec1u ch\u1ec9nh n\u00ean k\u1ebft h\u1ee3p v\u1edbi c\u01a1 ch\u1ebf \u0111i\u1ec1u ch\u1ec9nh m\u0169i, v\u1eadn \u0111\u1ed9ng vi\u00ean c\u00f3 th\u1ec3 c\u00f3 \u0111\u01b0\u1ee3c \u0111\u1ed9 v\u1eeba v\u1eb7n ho\u00e0n h\u1ea3o.<\/span><\/li>\n<li><span style=\"font-size: 20px\"> \u0110\u00e2y l\u00e0 g\u1ecdng linh ho\u1ea1t nh\u1ea5t trong s\u1ed1 c\u00e1c lo\u1ea1i k\u00ednh r\u00e2m c\u1ee7a SWANS v\u00e0 c\u00f3 th\u1ec3 \u0111\u01b0\u1ee3c s\u1eed d\u1ee5ng trong nhi\u1ec1u t\u00ecnh hu\u1ed1ng kh\u00e1c nhau, t\u1eeb ch\u01a1i g\u00f4n n\u01a1i t\u1ea7m nh\u00ecn r\u1ea5t quan tr\u1ecdng cho \u0111\u1ebfn c\u00e1c m\u00f4n th\u1ec3 thao c\u00f3 b\u00f3ng nh\u01b0 qu\u1ea7n v\u1ee3t, \u0111\u1ebfn \u0111\u1ea1p xe v\u00e0 ch\u1ea1y. <\/span><\/li>\n<li><span style=\"font-size: 20px\">Ph\u1ea7n m\u0169i c\u00f3 th\u1ec3 \u0111i\u1ec1u ch\u1ec9nh \u0111\u1ec3 b\u1ea1n c\u00f3 th\u1ec3 c\u00f3 \u0111\u01b0\u1ee3c \u0111\u1ed9 v\u1eeba v\u1eb7n nh\u01b0 \u00fd mu\u1ed1n.<\/span><\/li>\n<\/ul>\n<p><span style=\"font-size: 20px\">\u30fbN\u01b0\u1edbc xu\u1ea5t x\u1ee9: Nh\u1eadt B\u1ea3n<\/span><br \/><span style=\"font-size: 20px\">\u30fbM\u00e0u khung: Kim lo\u1ea1i m\u00e0u x\u00e1m m\u1edd x xanh n\u01b0\u1edbc bi\u1ec3n x xanh n\u01b0\u1edbc bi\u1ec3n<\/span><br \/><span style=\"font-size: 20px\">\u30fbM\u00e0u \u1ed1ng k\u00ednh: Kh\u00f3i ph\u00e2n c\u1ef1c (\u0111a m\u1eb7t, \u0111\u1ed9 ph\u00e2n c\u1ef1c tr\u00ean 97%)<\/span><br \/><span style=\"font-size: 20px\">\u30fb\u0110\u1ed9 truy\u1ec1n \u00e1nh s\u00e1ng kh\u1ea3 ki\u1ebfn: 29%<\/span><br \/><span style=\"font-size: 20px\">\u30fb\u0110\u1ed9 truy\u1ec1n tia c\u1ef1c t\u00edm: 0,1% tr\u1edf xu\u1ed1ng<\/span><br \/><span style=\"font-size: 20px\">\u30fbK\u00edch th\u01b0\u1edbc H4.4cm W14.7cm<\/span><br \/><span style=\"font-size: 20px\">\u30fbCh\u1ea5t li\u1ec7u khung: Nylon (nh\u1ef1a)<\/span><br \/><span style=\"font-size: 20px\">\u30fbCh\u1ea5t li\u1ec7u tr\u00f2ng k\u00ednh: Polycarbonate (nh\u1ef1a)<\/span><br \/><span style=\"font-size: 20px\">\u30fbTr\u1ecdng l\u01b0\u1ee3ng: 32g<\/span><\/p>\n<p>\u00a0<\/p>\n<\/div>\n<\/div>\n<\/div>\n<\/div>\n<\/div>\n<ul class=\"attribute-specs-wrapper\">\n<li>\n                    Th\u1ec3 lo\u1ea1i: K\u00ednh                <\/li>\n<li>\n                    H\u00e3ng: Swans                <\/li>\n<li>\n                    S\u1ea3n xu\u1ea5t : Nh\u1eadt B\u1ea3n                <\/li>\n<\/ul>","protected":false},"excerpt":{"rendered":"<div class=\"text-bottom--product-detail-info\">\n<div class=\"item\">\n        S\u1ea3n ph\u1ea9m ch\u00ednh h\u00e3ng 100%.\n    <\/div>\n<div class=\"item\">\n<div>\n          Ch\u00ednh s\u00e1ch \u0111\u1ed5i h\u00e0ng  (Xem chi ti\u1ebft).\n        <\/div>\n<\/div>\n<div class=\"item\">\n        Gi\u00e1 s\u1ea3n ph\u1ea9m \u0111\u00e3 bao g\u1ed3m VAT.\n    <\/div>\n<div class=\"item\">\n        Mi\u1ec5n ph\u00ed v\u1eadn chuy\u1ec3n th\u01b0\u1eddng\n    <\/div>\n<\/div>","protected":false},"featured_media":16113,"comment_status":"closed","ping_status":"closed","template":"","meta":[],"pwb-brand":[3503],"product_cat":[3346],"product_tag":[3908],"class_list":{"0":"post-16112","1":"product","2":"type-product","3":"status-publish","4":"has-post-thumbnail","6":"pwb-brand-swans","7":"product_cat-kinh","8":"product_tag-kinh-golf-swans-li-sin-0151-mgmr","10":"first","11":"instock","12":"shipping-taxable","13":"purchasable","14":"product-type-simple"},"brands":[{"id":3503,"name":"Swans","slug":"swans"}],"_links":{"self":[{"href":"https:\/\/xgolf.vn\/ar\/wp-json\/wp\/v2\/product\/16112","targetHints":{"allow":["GET"]}}],"collection":[{"href":"https:\/\/xgolf.vn\/ar\/wp-json\/wp\/v2\/product"}],"about":[{"href":"https:\/\/xgolf.vn\/ar\/wp-json\/wp\/v2\/types\/product"}],"replies":[{"embeddable":true,"href":"https:\/\/xgolf.vn\/ar\/wp-json\/wp\/v2\/comments?post=16112"}],"wp:featuredmedia":[{"embeddable":true,"href":"https:\/\/xgolf.vn\/ar\/wp-json\/wp\/v2\/media\/16113"}],"wp:attachment":[{"href":"https:\/\/xgolf.vn\/ar\/wp-json\/wp\/v2\/media?parent=16112"}],"wp:term":[{"taxonomy":"pwb-brand","embeddable":true,"href":"https:\/\/xgolf.vn\/ar\/wp-json\/wp\/v2\/pwb-brand?post=16112"},{"taxonomy":"product_cat","embeddable":true,"href":"https:\/\/xgolf.vn\/ar\/wp-json\/wp\/v2\/product_cat?post=16112"},{"taxonomy":"product_tag","embeddable":true,"href":"https:\/\/xgolf.vn\/ar\/wp-json\/wp\/v2\/product_tag?post=16112"}],"curies":[{"name":"wp","href":"https:\/\/api.w.org\/{rel}","templated":true}]}}