{"id":16099,"date":"2024-07-31T20:15:07","date_gmt":"2024-07-31T13:15:07","guid":{"rendered":"http:\/\/xgolf.vn\/-product-\/uncategorized\/gay-golf-driver-taylormade-qi10-max-ds-blue-white\/"},"modified":"2024-07-31T20:15:10","modified_gmt":"2024-07-31T13:15:10","slug":"gay-golf-driver-taylormade-qi10-max-ds-blue-white","status":"publish","type":"product","link":"https:\/\/xgolf.vn\/ar\/-product-\/gay\/driver\/gay-golf-driver-taylormade-qi10-max-ds-blue-white\/","title":{"rendered":"G\u1eady golf driver TaylorMade Qi10 Max DS Blue white"},"content":{"rendered":"<div class=\"product attribute description\">\n<div class=\"value\">#html-body [data-pb-style=PDXPF8N]{justify-content:flex-start;display:flex;flex-direction:column;background-position:left top;background-size:cover;background-repeat:no-repeat;background-attachment:scroll}<\/p>\n<div data-content-type=\"row\" data-appearance=\"contained\" data-element=\"main\">\n<div data-enable-parallax=\"0\" data-parallax-speed=\"0.5\" data-background-images=\"{}\" data-background-type=\"image\" data-video-loop=\"true\" data-video-play-only-visible=\"true\" data-video-lazy-load=\"true\" data-video-fallback-src=\"\" data-element=\"inner\" data-pb-style=\"PDXPF8N\">\n<div data-content-type=\"text\" data-appearance=\"default\" data-element=\"main\">\n<h1><span style=\"font-size: 26px\">G\u1eady golf driver TaylorMade Qi10 Max DS\u00a0<\/span><\/h1>\n<p><span style=\"font-size: 16px\">Driver d\u00f2ng TaylorMade Qi10 Max Designer<\/span><br \/><span style=\"font-size: 16px\">Tr\u00ecnh \u0111i\u1ec1u khi\u1ec3n d\u00f2ng thi\u1ebft k\u1ebf Qi10 Max c\u1ee7a TaylorMade trong \u0111\u00f3 s\u1ef1 \u1ed5n \u0111\u1ecbnh c\u1ee7a qu\u00e1n t\u00ednh 10K \u0111\u00e1p \u1ee9ng t\u00ednh th\u1ea9m m\u1ef9 \u0111\u01b0\u1ee3c tinh ch\u1ec9nh b\u1edfi c\u00e1c nh\u00e0 thi\u1ebft k\u1ebf s\u00e1ng t\u1ea1o nh\u1ea5t c\u1ee7a TaylorMade; mang \u0111\u1ebfn cho b\u1ea1n c\u00e1c c\u00f4ng c\u1ee5 v\u00e0 s\u1ef1 t\u1ef1 do th\u1ec3 hi\u1ec7n phong c\u00e1ch c\u1ee7a b\u1ea1n trong 10K.<\/span><\/p>\n<p><span style=\"font-size: 16px\">C\u1ea2M H\u1ee8NG T\u1ea6M NH\u00ccN<\/span><\/p>\n<p><span style=\"font-size: 16px\">Series Designer l\u00e0 m\u1ed9t b\u1eefa ti\u1ec7c th\u1ecb gi\u00e1c, thu h\u00fat c\u1ea3m h\u1ee9ng t\u1eeb th\u1ebf gi\u1edbi\u00a0 v\u0103n h\u00f3a \u0111\u1ea1i ch\u00fang v\u00e0 s\u1ef1 s\u00e1ng t\u1ea1o c\u00e1 nh\u00e2n c\u1ee7a nh\u00f3m thi\u1ebft k\u1ebf c\u1ee7a ch\u00fang t\u00f4i. M\u1ed7i b\u1ea3ng m\u00e0u mang l\u1ea1i m\u1ed9t phong c\u00e1ch \u0111\u1ed9c \u0111\u00e1o v\u00e0 t\u1ea1o n\u00ean s\u1ef1 n\u1ed5i b\u1eadt cho kh\u00f3a h\u1ecdc. C\u00e1c m\u00e0u s\u1eafc bao g\u1ed3m Black Out, Gold Dust, Cobalt Blue v\u00e0 Ruby Red.<\/span><\/p>\n<p><span style=\"font-size: 16px\">TH\u00c0NH PH\u1ea6N CAO C\u1ea4P<\/span><\/p>\n<p><span style=\"font-size: 16px\">Tr\u00ecnh \u0111i\u1ec1u khi\u1ec3n Qi10 Max Designer Series \u0111\u01b0\u1ee3c trang b\u1ecb tr\u1ee5c Mitsubishi Diamana T+ cho s\u1ee9c m\u1ea1nh v\u00e0 \u0111\u1ed9 ch\u00ednh x\u00e1c.\u00a0<\/span><\/p>\n<p><span style=\"font-size: 16px\"><strong>TAYLORMADE SPEED V\u1edaI M\u1ed8T M\u1ee8C \u0110\u1ed8 \u1ed4N \u0110\u1ecaNH HO\u00c0N TO\u00c0N M\u1edaI<\/strong><\/span><\/p>\n<p><span style=\"font-size: 16px\">\u2022 \u00a0 \u00a0MOI 10K ch\u01b0a t\u1eebng c\u00f3. M\u1eabu g\u1eady Driver n\u00e0y c\u00f3 m\u1ee9c m\u00f4 men qu\u00e1n t\u00ednh (MOI: moment of inertia) l\u1edbn nh\u1ea5t trong l\u1ecbch s\u1eed c\u1ee7a TaylorMade, \u0111\u1ea1t m\u1ee9c 10,000 g\/cm. Th\u00e0nh t\u1ef1u k\u1ef9 thu\u1eadt \u0111\u00e1ng kinh ng\u1ea1c n\u00e0y s\u1ebd mang t\u1edbi m\u1ee9c \u0111\u1ed9 \u1ed5n \u0111\u1ecbnh ch\u01b0a t\u1eebng c\u00f3 \u1edf c\u00e1c d\u00f2ng g\u1eady Driver c\u1ee7a TaylorMade.<\/span><\/p>\n<p><span style=\"font-size: 16px\">\u2022 \u00a0 \u00a0T\u1ed1i \u0111a h\u00f3a kho\u1ea3ng c\u00e1ch th\u1eb3ng. V\u1edbi vi\u1ec7c \u0111\u1eb7t kh\u1ed1i l\u01b0\u1ee3ng m\u1ed9t c\u00e1ch chi\u1ebfn l\u01b0\u1ee3c, d\u00f2ng g\u1eady Driver n\u00e0y khi\u1ebfn cho c\u00e1c golfer c\u00f3 kh\u1ea3<\/span><\/p>\n<p><span style=\"font-size: 16px\">n\u0103ng d\u1ec5 d\u00e0ng \u0111\u00e1nh vu\u00f4ng g\u00f3c m\u1eb7t g\u1eady h\u01a1n \u0111\u1ec3 c\u00f3 \u0111\u01b0\u1ee3c nh\u1eefng c\u00fa \u0111\u00e1nh th\u1eb3ng h\u01a1n.<\/span><\/p>\n<p><span style=\"font-size: 16px\">\u2022 \u00a0 \u00a0K\u00edch th\u01b0\u1edbc \u0111\u1ea7u g\u1eady l\u1edbn cung c\u1ea5p th\u00eam kh\u00f4ng gian cho \u0111\u1ea7u g\u1eady \u0111\u1ec3 \u0111\u1ea9y kh\u1ed1i l\u01b0\u1ee3ng xa h\u01a1n \u0111\u1ebfn ph\u1ea7n r\u00eca c\u1ee7a \u0111\u1ea7u g\u1eady, t\u1ea1o ra th\u00eam m\u1ee9c m\u00f4 men xo\u1eafn (MOI: Moment of Inertia).<\/span><\/p>\n<p><span style=\"font-size: 16px\"><strong>KH\u1ea2 N\u0102NG TRUY\u1ec0N N\u0102NG L\u01af\u1ee2NG T\u1ed0T H\u01a0N<\/strong><\/span><\/p>\n<p><span style=\"font-size: 16px\">\u2022 \u00a0 \u00a0M\u1eb7t g\u1eady Carbon 60X Twist Face \u0111\u01b0\u1ee3c thi\u1ebft k\u1ebf l\u1ea1i nh\u1eb9 h\u01a1n \u0111\u00e1ng k\u1ec3 so v\u1edbi m\u1eb7t titan truy\u1ec1n th\u1ed1ng v\u00e0 t\u1ea1o ra kh\u1ea3 n\u0103ng truy\u1ec1n n\u0103ng l\u01b0\u1ee3ng hi\u1ec7u qu\u1ea3 h\u01a1n.<\/span><\/p>\n<p><span style=\"font-size: 16px\">\u2022 \u00a0 \u00a0C\u1ea5u tr\u00fac h\u1ed7 tr\u1ee3 m\u1edbi \u0111em l\u1ea1i t\u1ed1c \u0111\u1ed9 b\u00f3ng nhanh h\u01a1n \u0111\u1ed3ng th\u1eddi c\u1ea3i thi\u1ec7n \u0111\u1ed9 b\u1ec1n.<\/span><\/p>\n<p><span style=\"font-size: 16px\">\u2022 \u00a0 \u00a0\u0110\u01b0\u1ee3c thi\u1ebft k\u1ebf nh\u1eb1m c\u1ea3i thi\u1ec7n vi\u1ec7c duy tr\u00ec t\u1ed1c \u0111\u1ed9 b\u00f3ng trong c\u00e1c c\u00fa \u0111\u00e1nh l\u1ec7ch t\u00e2m.<\/span><\/p>\n<p><span style=\"font-size: 16px\"><strong>PH\u1ea6N CROWN INFINITY CARBON M\u1edaI V\u1edaI C\u0102N CH\u1ec8NH N\u00c2NG CAO<\/strong><\/span><\/p>\n<p>\u00a0<\/p>\n<p><span style=\"font-size: 16px\">\u2022 \u00a0 \u00a0Ph\u1ea7n Infinity Carbon m\u1edbi bao ph\u1ee7 t\u1edbi 97% b\u1ec1 m\u1eb7t crown c\u1ee7a g\u1eady, g\u00f3p ph\u1ea7n gi\u1ea3i ph\u00f3ng kh\u1ed1i l\u01b0\u1ee3ng \u0111\u1ec3 ph\u00e2n b\u1ed5 tr\u1ecdng l\u01b0\u1ee3ng t\u1ed1t h\u01a1n v\u00e0 gia t\u0103ng \u0111\u1ed9 \u1ed5n \u0111\u1ecbnh.<\/span><\/p>\n<p><span style=\"font-size: 16px\">\u2022 \u00a0 \u00a0\u0110em l\u1ea1i g\u00f3c nh\u00ecn g\u1eady r\u00f5 r\u00e0ng v\u1edbi kh\u1ea3 n\u0103ng c\u0103n ch\u1ec9nh n\u00e2ng cao nh\u1edd \u0111\u01b0\u1eddng vi\u1ec1n t\u01b0\u01a1ng ph\u1ea3n cao \u0111\u01b0\u1ee3c t\u00edch h\u1ee3p trong m\u1eb7t Carbon Twist Face 60 l\u1edbp.<\/span><\/p>\n<p><span style=\"font-size: 16px\"><strong>H\u00ccNH D\u00c1NG \u0110\u1ea6U G\u1eacY T\u1ed0I \u0110A<\/strong><\/span><\/p>\n<p><span style=\"font-size: 16px\">\u2022 \u00a0 \u00a0H\u00ecnh d\u00e1ng \u0111\u1ea7u g\u1eady ngo\u1ea1i c\u1ee1 m\u1edbi mang \u0111\u1ebfn m\u1ed9t di\u1ec7n m\u1ea1o h\u1ea5p d\u1eabn v\u00e0 g\u1ee3i l\u00ean c\u1ea3m gi\u00e1c t\u1ef1 tin tuy\u1ec7t \u0111\u1ed1i cho m\u1ecdi c\u1ea5p \u0111\u1ed9 g\u00f4n th\u1ee7.<\/span><\/p>\n<p><span style=\"font-size: 16px\"><strong>NH\u1eeeNG C\u00d4NG NGH\u1ec6 TAYLORMADE \u0110\u00c3 \u0110\u01af\u1ee2C KI\u1ec2M CH\u1ee8NG<\/strong><\/span><\/p>\n<p><span style=\"font-size: 16px\">\u2022 \u00a0 \u00a0T\u00f9y ch\u1ec9nh \u0111\u1ed9 loft b\u1eb1ng c\u00e1ch s\u1eed d\u1ee5ng sleeve 4\u00b0<strong>\u00a0loft (+\/-2\u00b0).<\/strong><\/span><\/p>\n<p><span style=\"font-size: 16px\">\u2022 \u00a0 \u00a0B\u1ea3o to\u00e0n t\u1ed1c \u0111\u1ed9 b\u00f3ng b\u1eb1ng c\u00f4ng ngh\u1ec7 Thru-Slot Speed Pocket, \u0111\u01b0\u1ee3c thi\u1ebft k\u1ebf \u0111\u1ec3 t\u1ed1i \u01b0u t\u1ed1c \u0111\u1ed9 b\u00f3ng khi \u0111\u00e1nh v\u00e0o ph\u1ea7n d\u01b0\u1edbi m\u1eb7t g\u1eady.<\/span><\/p>\n<p><span style=\"font-size: 16px\">\u2022 \u00a0 \u00a0\u00c2m thanh g\u1ecdn g\u00e0ng v\u00e0 m\u1ea1nh m\u1ebd l\u00e0 n\u1ec1n t\u1ea3ng cho hi\u1ec7u su\u1ea5t c\u1ee7a g\u1eady Driver c\u1ee7a TaylorMade.<\/span><\/p>\n<p><span style=\"font-size: 16px\">\u2022 \u00a0 \u00a0M\u1eb7t g\u1eady Twist Face s\u1eed d\u1ee5ng c\u00e1c g\u00f3c s\u1eeda l\u1ed7i, \u0111\u01b0\u1ee3c thi\u1ebft k\u1ebf \u0111\u1ec3 kh\u1eafc ph\u1ee5c xu h\u01b0\u1edbng c\u1ed1 h\u1eefu c\u1ee7a golfer khi \u0111\u00e1nh<\/span><\/p>\n<p><span style=\"font-size: 16px\">nh\u1eefng c\u00fa l\u1ec7ch t\u00e2m, t\u1eeb \u0111\u00f3 t\u1ea1o ra nh\u1eefng c\u00fa \u0111\u00e1nh th\u1eb3ng h\u01a1n.<\/span><\/p>\n<table border=\"1\" cellspacing=\"1\" cellpadding=\"1\">\n<tbody>\n<tr>\n<td><strong>Club<\/strong><\/td>\n<td><strong>Loft<\/strong><\/td>\n<td><strong>Lie<\/strong><\/td>\n<td><strong>Length<\/strong><\/td>\n<td><strong>Volume<\/strong><\/td>\n<td><strong>Swing Wieght<\/strong><\/td>\n<\/tr>\n<tr>\n<td><strong>Qi10 Max<\/strong><\/td>\n<td>9\u00b0<\/td>\n<td>58\u00b0 &#8211; 62\u00b0<\/td>\n<td>45.5&#8243;<\/td>\n<td>460cc<\/td>\n<td>D4<\/td>\n<\/tr>\n<tr>\n<td><strong>Qi10 Max<\/strong><\/td>\n<td>10.5\u00b0<\/td>\n<td>58\u00b0 &#8211; 62\u00b0<\/td>\n<td>45.5&#8243;<\/td>\n<td>460cc<\/td>\n<td>D4<\/td>\n<\/tr>\n<\/tbody>\n<\/table>\n<\/div>\n<\/div>\n<\/div>\n<\/div>\n<\/div>\n<ul class=\"attribute-specs-wrapper\">\n<li>\n                    Gi\u1edbi t\u00ednh: Nam                <\/li>\n<li>\n                    Th\u1ec3 lo\u1ea1i: Driver                <\/li>\n<li>\n                    H\u00e3ng: TaylorMade                <\/li>\n<li>\n                    B\u1ea3o h\u00e0nh: 1 N\u0103m (L\u1ed7i nh\u00e0 s\u1ea3n xu\u1ea5t)                <\/li>\n<\/ul>","protected":false},"excerpt":{"rendered":"<div class=\"text-bottom--product-detail-info\">\n<div class=\"item\">\n        S\u1ea3n ph\u1ea9m ch\u00ednh h\u00e3ng 100%.\n    <\/div>\n<div class=\"item\">\n<div>\n          Ch\u00ednh s\u00e1ch \u0111\u1ed5i h\u00e0ng  (Xem chi ti\u1ebft).\n        <\/div>\n<\/div>\n<div class=\"item\">\n        Gi\u00e1 s\u1ea3n ph\u1ea9m \u0111\u00e3 bao g\u1ed3m VAT.\n    <\/div>\n<div class=\"item\">\n        Mi\u1ec5n ph\u00ed v\u1eadn chuy\u1ec3n th\u01b0\u1eddng\n    <\/div>\n<\/div>","protected":false},"featured_media":16100,"comment_status":"closed","ping_status":"closed","template":"","meta":[],"pwb-brand":[3248],"product_cat":[3254],"product_tag":[3904],"class_list":{"0":"post-16099","1":"product","2":"type-product","3":"status-publish","4":"has-post-thumbnail","6":"pwb-brand-taylormade","7":"product_cat-driver","8":"product_tag-gay-golf-driver-taylormade-qi10-max-ds","10":"first","11":"instock","12":"shipping-taxable","13":"purchasable","14":"product-type-simple"},"brands":[{"id":3248,"name":"TaylorMade","slug":"taylormade"}],"_links":{"self":[{"href":"https:\/\/xgolf.vn\/ar\/wp-json\/wp\/v2\/product\/16099","targetHints":{"allow":["GET"]}}],"collection":[{"href":"https:\/\/xgolf.vn\/ar\/wp-json\/wp\/v2\/product"}],"about":[{"href":"https:\/\/xgolf.vn\/ar\/wp-json\/wp\/v2\/types\/product"}],"replies":[{"embeddable":true,"href":"https:\/\/xgolf.vn\/ar\/wp-json\/wp\/v2\/comments?post=16099"}],"wp:featuredmedia":[{"embeddable":true,"href":"https:\/\/xgolf.vn\/ar\/wp-json\/wp\/v2\/media\/16100"}],"wp:attachment":[{"href":"https:\/\/xgolf.vn\/ar\/wp-json\/wp\/v2\/media?parent=16099"}],"wp:term":[{"taxonomy":"pwb-brand","embeddable":true,"href":"https:\/\/xgolf.vn\/ar\/wp-json\/wp\/v2\/pwb-brand?post=16099"},{"taxonomy":"product_cat","embeddable":true,"href":"https:\/\/xgolf.vn\/ar\/wp-json\/wp\/v2\/product_cat?post=16099"},{"taxonomy":"product_tag","embeddable":true,"href":"https:\/\/xgolf.vn\/ar\/wp-json\/wp\/v2\/product_tag?post=16099"}],"curies":[{"name":"wp","href":"https:\/\/api.w.org\/{rel}","templated":true}]}}